{"id":2,"date":"2008-04-09T14:53:11","date_gmt":"2008-04-09T12:53:11","guid":{"rendered":"https:\/\/vpn.univ-fcomte.fr\/?page_id=2"},"modified":"2014-03-28T15:52:54","modified_gmt":"2014-03-28T13:52:54","slug":"a-propos","status":"publish","type":"page","link":"https:\/\/vpn.univ-fcomte.fr\/?page_id=2","title":{"rendered":"\u00c0 propos du VPN de l&rsquo;UFC"},"content":{"rendered":"<p><strong>Premier jet<\/strong><br \/>\nLa construction de l&rsquo;outil actuel est le fruit du regroupement de plusieurs attentes des utilisateurs<\/p>\n<p>&#8211; remplacement du PPP (acc\u00e8s depuis un modem en interne de l&rsquo;UFC) ;<br \/>\n&#8211; connexion s\u00e9curis\u00e9e (host2net ou net2net) depuis l&rsquo;ext\u00e9rieur de l&rsquo;UFC ;<br \/>\n&#8211; palier les d\u00e9ficiences du WIFI concernant l&rsquo;acc\u00e8s \u00e0 des ressources locales pour les utilisateurs ;<br \/>\n&#8211; enregistrement de personnes sous la responsabilit\u00e9 des <strong>correspondants r\u00e9seaux<\/strong> et non plus dans le seul LDAP.<\/p>\n<p>De l\u00e0, l&rsquo;\u00e9quipe form\u00e9e par Jean-Michel Caricand, Ghislaine Folt\u00eate et Marc Hamelin a travaill\u00e9 depuis d\u00e9but janvier 2008 sur le projet d&rsquo;un serveur VPN pouvant r\u00e9pondre \u00e0 ces attentes.<\/p>\n<p>Les probl\u00e8mes techniques du serveur ont tous \u00e9t\u00e9 solutionn\u00e9s courant fevrier 2008, et les probl\u00e8mes li\u00e9s aux clients (linux debian\/redhat, windows XP\/Vista, MacOS tiger) ont perdur\u00e9 jusqu&rsquo;en avril 2008.<\/p>\n<p>L&rsquo;architecture du projet est suffisament souple pour permettre son \u00e9volution sur les 3 \u00e0 5 ans sans remise en cause.<\/p>\n<p>Le serveur VPN travaille avec un serveur RADIUS pour l&rsquo;authentification. Le RADIUS peut int\u00e9rroger des serveurs RADIUS ou LDAP appartenant \u00e0 des UFR ou des laboratoires. Les diff\u00e9rents REALM permettent aux usagers de travailler en local sur leur r\u00e9seau de laboratoire ou d&rsquo;UFR. L&rsquo;administration d\u00e9centralis\u00e9e permet aux correspondants r\u00e9seaux de g\u00e9rer par eux-m\u00eames les acc\u00e8s et droits sur leurs r\u00e9seaux.<\/p>\n<p>Le WIFI poss\u00e9de maintenant un SSID open pour le VPN, les obstacles li\u00e9s \u00e0 la conception du WIFI n&rsquo;existent plus.<\/p>\n<p>Courant Avril 2008 : mise en test grandeur nature.<\/p>\n<p>Courant Juin 2008 : mise en service pour tous les usagers.<\/p>\n<p>Juillet 2008 : le projet est en phase op\u00e9rationnel.<\/p>\n<p><strong>Modification<\/strong><br \/>\nen 2010 nous avons ajouter le PPTP via le client Shrew pour gagner en stabilit\u00e9 des connexions des clients sous Windows<\/p>\n<p><strong>Deuxi\u00e8me version<\/strong><br \/>\nMars 2014 nous lan\u00e7ons la deuxi\u00e8me version du VPN de l&rsquo;UFC.<br \/>\nCelle ci s&rsquo;appuie sur Shrew autant pour les clients Windows (XP\/7\/8) que pour les clients Linux (Debian\/ubuntu\/redhat\/centos\/&#8230;)<br \/>\nAvec les Apples, c&rsquo;est le client natif de MacOsX (Montain Lion\/Mavericks) est utilis\u00e9.<\/p>\n","protected":false},"excerpt":{"rendered":"<p>Premier jet La construction de l&rsquo;outil actuel est le fruit du regroupement de plusieurs attentes des utilisateurs &#8211; remplacement du PPP (acc\u00e8s depuis un modem en interne de l&rsquo;UFC) ; &#8211; connexion s\u00e9curis\u00e9e (host2net ou net2net) depuis l&rsquo;ext\u00e9rieur de l&rsquo;UFC ; &#8211; palier les d\u00e9ficiences du WIFI concernant l&rsquo;acc\u00e8s \u00e0 des ressources locales pour les [&hellip;]<\/p>\n","protected":false},"author":1,"featured_media":0,"parent":0,"menu_order":0,"comment_status":"open","ping_status":"open","template":"","meta":{"footnotes":""},"class_list":["post-2","page","type-page","status-publish","hentry"],"_links":{"self":[{"href":"https:\/\/vpn.univ-fcomte.fr\/index.php?rest_route=\/wp\/v2\/pages\/2","targetHints":{"allow":["GET"]}}],"collection":[{"href":"https:\/\/vpn.univ-fcomte.fr\/index.php?rest_route=\/wp\/v2\/pages"}],"about":[{"href":"https:\/\/vpn.univ-fcomte.fr\/index.php?rest_route=\/wp\/v2\/types\/page"}],"author":[{"embeddable":true,"href":"https:\/\/vpn.univ-fcomte.fr\/index.php?rest_route=\/wp\/v2\/users\/1"}],"replies":[{"embeddable":true,"href":"https:\/\/vpn.univ-fcomte.fr\/index.php?rest_route=%2Fwp%2Fv2%2Fcomments&post=2"}],"version-history":[{"count":2,"href":"https:\/\/vpn.univ-fcomte.fr\/index.php?rest_route=\/wp\/v2\/pages\/2\/revisions"}],"predecessor-version":[{"id":180,"href":"https:\/\/vpn.univ-fcomte.fr\/index.php?rest_route=\/wp\/v2\/pages\/2\/revisions\/180"}],"wp:attachment":[{"href":"https:\/\/vpn.univ-fcomte.fr\/index.php?rest_route=%2Fwp%2Fv2%2Fmedia&parent=2"}],"curies":[{"name":"wp","href":"https:\/\/api.w.org\/{rel}","templated":true}]}}